{"id":3415,"date":"2024-07-02T11:33:24","date_gmt":"2024-07-02T11:33:24","guid":{"rendered":"https:\/\/sergioremondes.com\/bio\/"},"modified":"2024-07-11T22:11:38","modified_gmt":"2024-07-11T22:11:38","slug":"bio","status":"publish","type":"page","link":"https:\/\/sergioremondes.com\/en\/bio\/","title":{"rendered":"Bio"},"content":{"rendered":"<div class=\"wpb-content-wrapper\"><p>[vc_row full_width=&#8221;stretch_row_content_no_spaces&#8221; css=&#8221;.vc_custom_1708009614767{margin-bottom: 10% !important;}&#8221; el_id=&#8221;about&#8221;][vc_column width=&#8221;1\/6&#8243;][\/vc_column][vc_column width=&#8221;2\/3&#8243; css=&#8221;.vc_custom_1720019168990{padding-right: 15px !important;padding-left: 15px !important;}&#8221;]<div class='cws_textmodule_69e769869f096 cws_textmodule'><h2 class='cws_textmodule_title'>EN Bio S\u00e9rgio Remondes<\/h2><\/div>[vc_single_image image=&#8221;2481&#8243; img_size=&#8221;full&#8221;]<div class='cws_textmodule_69e76986a032b cws_textmodule'><div class='cws_textmodule_content_wrapper'><\/p>\n<p>Nascido em Mar\u00e7o de 1976 na Normandia, Fran\u00e7a. Cresceu e estudou no Porto. Vive atualmente em Paris onde prossegue a sua actividade art\u00edstica.<\/p>\n<p>Exp\u00f4s pela primeira vez em 1997 na cidade do Porto.<\/p>\n<p>A sua obra est\u00e1 representada em cole\u00e7\u00f5es institucionais e privadas a n\u00edvel internacional. As suas pinturas reportam para um universo de fantasia que se entrela\u00e7a com narrativas de v\u00e1rias refer\u00eancias culturais. Portugal, a Pen\u00ednsulas Ib\u00e9rica, a Europa, o Brasil, Pa\u00edses e culturas mais distantes. Todos participam na narrativa do artista que vai variando entre as t\u00e9cnicas mais cl\u00e1ssicas de pintura at\u00e9 a um experimentalismo expressivo que tenta ir balanceando para uma express\u00e3o fresca, contempor\u00e2nea e museol\u00f3gica<\/p>\n<p>\n<\/div><\/div>[\/vc_column][vc_column width=&#8221;1\/6&#8243;][\/vc_column][\/vc_row][vc_row full_width=&#8221;stretch_row_content_no_spaces&#8221; css=&#8221;.vc_custom_1720019190741{margin-bottom: 5% !important;padding-right: 15px !important;padding-left: 15px !important;}&#8221;][vc_column width=&#8221;1\/6&#8243;][\/vc_column][vc_column width=&#8221;2\/3&#8243;]<div class='cws_textmodule_69e76986a0b68 cws_textmodule'><p class='h5 cws_textmodule_subtitle'>Exhibitions<\/p><\/div>[\/vc_column][vc_column width=&#8221;1\/6&#8243;][\/vc_column][\/vc_row][vc_row full_width=&#8221;stretch_row_content_no_spaces&#8221; css=&#8221;.vc_custom_1720019180425{margin-bottom: 10% !important;padding-right: 15px !important;padding-left: 15px !important;}&#8221;][vc_column width=&#8221;1\/6&#8243;][\/vc_column][vc_column width=&#8221;1\/3&#8243;][vc_row_inner css=&#8221;.vc_custom_1719936445703{margin-bottom: 1% !important;}&#8221;][vc_column_inner width=&#8221;1\/6&#8243;]<div class='cws_textmodule_69e76986a0edc cws_textmodule'><div class='cws_textmodule_content_wrapper'><\/p>\n<p>1997<\/p>\n<p>\n<\/div><\/div>[\/vc_column_inner][vc_column_inner width=&#8221;5\/6&#8243;]<div class='cws_textmodule_69e76986a1426 cws_textmodule'><div class='cws_textmodule_content_wrapper'><p>&#8220;Os u\u0301ltimos testemunhos do Reino da Fantasia&#8221;<br \/>\nMal Cozinhado &#8211; Porto<\/p>\n<\/div><\/div>[\/vc_column_inner][\/vc_row_inner][vc_row_inner css=&#8221;.vc_custom_1719936445703{margin-bottom: 1% !important;}&#8221;][vc_column_inner width=&#8221;1\/6&#8243;]<div class='cws_textmodule_69e76986a1996 cws_textmodule'><div class='cws_textmodule_content_wrapper'><\/p>\n<p>1997<\/p>\n<p>\n<\/div><\/div>[\/vc_column_inner][vc_column_inner width=&#8221;5\/6&#8243;]<div class='cws_textmodule_69e76986a1e80 cws_textmodule'><div class='cws_textmodule_content_wrapper'><p>&#8220;Chapim Azul-1a edic\u0327a\u0303o&#8221;<br \/>\nPorto<\/p>\n<\/div><\/div>[\/vc_column_inner][\/vc_row_inner][vc_row_inner css=&#8221;.vc_custom_1719936445703{margin-bottom: 1% !important;}&#8221;][vc_column_inner width=&#8221;1\/6&#8243;]<div class='cws_textmodule_69e76986a2391 cws_textmodule'><div class='cws_textmodule_content_wrapper'><\/p>\n<p>1998<\/p>\n<p>\n<\/div><\/div>[\/vc_column_inner][vc_column_inner width=&#8221;5\/6&#8243;]<div class='cws_textmodule_69e76986a28d7 cws_textmodule'><div class='cws_textmodule_content_wrapper'><p>&#8220;Clic&#8221;<br \/>\nG.A.S. &#8211; Gondomar<\/p>\n<\/div><\/div>[\/vc_column_inner][\/vc_row_inner][vc_row_inner css=&#8221;.vc_custom_1719936445703{margin-bottom: 1% !important;}&#8221;][vc_column_inner width=&#8221;1\/6&#8243;]<div class='cws_textmodule_69e76986a2dd7 cws_textmodule'><div class='cws_textmodule_content_wrapper'><\/p>\n<p>2000<\/p>\n<p>\n<\/div><\/div>[\/vc_column_inner][vc_column_inner width=&#8221;5\/6&#8243;]<div class='cws_textmodule_69e76986a32f1 cws_textmodule'><div class='cws_textmodule_content_wrapper'><p>&#8220;Caixa Ma\u0301gica&#8221;<br \/>\nF.E.P. &#8211; Porto<\/p>\n<\/div><\/div>[\/vc_column_inner][\/vc_row_inner][vc_row_inner css=&#8221;.vc_custom_1719936445703{margin-bottom: 1% !important;}&#8221;][vc_column_inner width=&#8221;1\/6&#8243;]<div class='cws_textmodule_69e76986a37f2 cws_textmodule'><div class='cws_textmodule_content_wrapper'><\/p>\n<p>2016<\/p>\n<p>\n<\/div><\/div>[\/vc_column_inner][vc_column_inner width=&#8221;5\/6&#8243;]<div class='cws_textmodule_69e76986a3d08 cws_textmodule'><div class='cws_textmodule_content_wrapper'><p>&#8220;Les belles du monde<br \/>\nCaravel AC &#8211; Funchal<\/p>\n<\/div><\/div>[\/vc_column_inner][\/vc_row_inner][vc_row_inner css=&#8221;.vc_custom_1719936445703{margin-bottom: 1% !important;}&#8221;][vc_column_inner width=&#8221;1\/6&#8243;]<div class='cws_textmodule_69e76986a4219 cws_textmodule'><div class='cws_textmodule_content_wrapper'><\/p>\n<p>1997<\/p>\n<p>\n<\/div><\/div>[\/vc_column_inner][vc_column_inner width=&#8221;5\/6&#8243;]<div class='cws_textmodule_69e76986a46d0 cws_textmodule'><div class='cws_textmodule_content_wrapper'><p>&#8220;Viva Portugal, viva!&#8221;<br \/>\nMWC &#8211; Maia<\/p>\n<\/div><\/div>[\/vc_column_inner][\/vc_row_inner][vc_row_inner css=&#8221;.vc_custom_1719936445703{margin-bottom: 1% !important;}&#8221;][vc_column_inner width=&#8221;1\/6&#8243;]<div class='cws_textmodule_69e76986a4bcd cws_textmodule'><div class='cws_textmodule_content_wrapper'><\/p>\n<p>2026<\/p>\n<p>\n<\/div><\/div>[\/vc_column_inner][vc_column_inner width=&#8221;5\/6&#8243;]<div class='cws_textmodule_69e76986a5022 cws_textmodule'><div class='cws_textmodule_content_wrapper'><p>&#8220;L&#8217;amour \u00e0 Paris&#8221;<br \/>\nVandamme &#8211; Paris<\/p>\n<\/div><\/div>[\/vc_column_inner][\/vc_row_inner][vc_row_inner css=&#8221;.vc_custom_1719936445703{margin-bottom: 1% !important;}&#8221;][vc_column_inner width=&#8221;1\/6&#8243;]<div class='cws_textmodule_69e76986a53a0 cws_textmodule'><div class='cws_textmodule_content_wrapper'><\/p>\n<p>2014<br \/>\n2018<\/p>\n<p>\n<\/div><\/div>[\/vc_column_inner][vc_column_inner width=&#8221;5\/6&#8243;]<div class='cws_textmodule_69e76986a571a cws_textmodule'><div class='cws_textmodule_content_wrapper'><p>&#8220;Permanent exhibition&#8221;<br \/>\nAtelier Remondes &#8211; Porto<\/p>\n<\/div><\/div>[\/vc_column_inner][\/vc_row_inner][vc_row_inner css=&#8221;.vc_custom_1719936445703{margin-bottom: 1% !important;}&#8221;][vc_column_inner width=&#8221;1\/6&#8243;]<div class='cws_textmodule_69e76986a5a60 cws_textmodule'><div class='cws_textmodule_content_wrapper'><\/p>\n<p>2023<br \/>\n2024<\/p>\n<p>\n<\/div><\/div>[\/vc_column_inner][vc_column_inner width=&#8221;5\/6&#8243;]<div class='cws_textmodule_69e76986a5ddc cws_textmodule'><div class='cws_textmodule_content_wrapper'><p>Sala Remondes (mostra permanente)<br \/>\nV.N. de Gaia<\/p>\n<\/div><\/div>[\/vc_column_inner][\/vc_row_inner][vc_row_inner css=&#8221;.vc_custom_1719936445703{margin-bottom: 1% !important;}&#8221;][vc_column_inner width=&#8221;1\/6&#8243;]<div class='cws_textmodule_69e76986a6126 cws_textmodule'><div class='cws_textmodule_content_wrapper'><\/p>\n<p>2023<\/p>\n<p>\n<\/div><\/div>[\/vc_column_inner][vc_column_inner width=&#8221;5\/6&#8243;]<div class='cws_textmodule_69e76986a6498 cws_textmodule'><div class='cws_textmodule_content_wrapper'><p>Tilsitt Gallery<br \/>\nPorto<\/p>\n<\/div><\/div>[\/vc_column_inner][\/vc_row_inner][vc_row_inner css=&#8221;.vc_custom_1719936445703{margin-bottom: 1% !important;}&#8221;][vc_column_inner width=&#8221;1\/6&#8243;]<div class='cws_textmodule_69e76986a6808 cws_textmodule'><div class='cws_textmodule_content_wrapper'><\/p>\n<p>2024<\/p>\n<p>\n<\/div><\/div>[\/vc_column_inner][vc_column_inner width=&#8221;5\/6&#8243;]<div class='cws_textmodule_69e76986a6b87 cws_textmodule'><div class='cws_textmodule_content_wrapper'><p>World Art Dubai<br \/>\nDubai<\/p>\n<\/div><\/div>[\/vc_column_inner][\/vc_row_inner][\/vc_column][vc_column width=&#8221;1\/3&#8243;][vc_row_inner css=&#8221;.vc_custom_1719936445703{margin-bottom: 1% !important;}&#8221;][vc_column_inner width=&#8221;1\/6&#8243;]<div class='cws_textmodule_69e76986a6ee9 cws_textmodule'><div class='cws_textmodule_content_wrapper'><\/p>\n<p>1997<\/p>\n<p>\n<\/div><\/div>[\/vc_column_inner][vc_column_inner width=&#8221;5\/6&#8243;]<div class='cws_textmodule_69e76986a7253 cws_textmodule'><div class='cws_textmodule_content_wrapper'><p>&#8220;Isculturap &#8211; 97&#8221;<br \/>\nI.S.C.A.P. &#8211; Porto<\/p>\n<\/div><\/div>[\/vc_column_inner][\/vc_row_inner][vc_row_inner css=&#8221;.vc_custom_1719936445703{margin-bottom: 1% !important;}&#8221;][vc_column_inner width=&#8221;1\/6&#8243;]<div class='cws_textmodule_69e76986a759d cws_textmodule'><div class='cws_textmodule_content_wrapper'><\/p>\n<p>1998<\/p>\n<p>\n<\/div><\/div>[\/vc_column_inner][vc_column_inner width=&#8221;5\/6&#8243;]<div class='cws_textmodule_69e76986a7911 cws_textmodule'><div class='cws_textmodule_content_wrapper'><p>&#8220;Duendes, fadas e outros seres ma\u0301gicos&#8221;<br \/>\nAudito\u0301rio CMG &#8211; Gondomar<\/p>\n<\/div><\/div>[\/vc_column_inner][\/vc_row_inner][vc_row_inner css=&#8221;.vc_custom_1719936445703{margin-bottom: 1% !important;}&#8221;][vc_column_inner width=&#8221;1\/6&#8243;]<div class='cws_textmodule_69e76986a7da7 cws_textmodule'><div class='cws_textmodule_content_wrapper'><\/p>\n<p>1999<\/p>\n<p>\n<\/div><\/div>[\/vc_column_inner][vc_column_inner width=&#8221;5\/6&#8243;]<div class='cws_textmodule_69e76986a8230 cws_textmodule'><div class='cws_textmodule_content_wrapper'><p>&#8220;O Poeta&#8221;<br \/>\nLa Gitane &#8211; Paris<\/p>\n<\/div><\/div>[\/vc_column_inner][\/vc_row_inner][vc_row_inner css=&#8221;.vc_custom_1719936445703{margin-bottom: 1% !important;}&#8221;][vc_column_inner width=&#8221;1\/6&#8243;]<div class='cws_textmodule_69e76986a867a cws_textmodule'><div class='cws_textmodule_content_wrapper'><\/p>\n<p>2015<\/p>\n<p>\n<\/div><\/div>[\/vc_column_inner][vc_column_inner width=&#8221;5\/6&#8243;]<div class='cws_textmodule_69e76986a8ad9 cws_textmodule'><div class='cws_textmodule_content_wrapper'><p>&#8220;Roosters and other Portuguese things&#8221;<br \/>\nAll in Porto &#8211; Porto<\/p>\n<\/div><\/div>[\/vc_column_inner][\/vc_row_inner][vc_row_inner css=&#8221;.vc_custom_1719936445703{margin-bottom: 1% !important;}&#8221;][vc_column_inner width=&#8221;1\/6&#8243;]<div class='cws_textmodule_69e76986a8f2d cws_textmodule'><div class='cws_textmodule_content_wrapper'><\/p>\n<p>2016<\/p>\n<p>\n<\/div><\/div>[\/vc_column_inner][vc_column_inner width=&#8221;5\/6&#8243;]<div class='cws_textmodule_69e76986a92cd cws_textmodule'><div class='cws_textmodule_content_wrapper'><p>&#8220;Les dernie\u0300res oeuvres&#8221;<br \/>\nLusofolie&#8217;s &#8211; Paris<\/p>\n<\/div><\/div>[\/vc_column_inner][\/vc_row_inner][vc_row_inner css=&#8221;.vc_custom_1719936445703{margin-bottom: 1% !important;}&#8221;][vc_column_inner width=&#8221;1\/6&#8243;]<div class='cws_textmodule_69e76986a9646 cws_textmodule'><div class='cws_textmodule_content_wrapper'><\/p>\n<p>2017<\/p>\n<p>\n<\/div><\/div>[\/vc_column_inner][vc_column_inner width=&#8221;5\/6&#8243;]<div class='cws_textmodule_69e76986a99a6 cws_textmodule'><div class='cws_textmodule_content_wrapper'><p>&#8220;L&#8217;amour a\u0300 Paris&#8221;<br \/>\nTale\u0302go &#8211; Paris<\/p>\n<\/div><\/div>[\/vc_column_inner][\/vc_row_inner][vc_row_inner css=&#8221;.vc_custom_1719936445703{margin-bottom: 1% !important;}&#8221;][vc_column_inner width=&#8221;1\/6&#8243;]<div class='cws_textmodule_69e76986a9d0c cws_textmodule'><div class='cws_textmodule_content_wrapper'><\/p>\n<p>2017<\/p>\n<p>\n<\/div><\/div>[\/vc_column_inner][vc_column_inner width=&#8221;5\/6&#8243;]<div class='cws_textmodule_69e76986aa052 cws_textmodule'><div class='cws_textmodule_content_wrapper'><p>&#8220;Nada vem do nada&#8221;, Baganha Galeria<br \/>\nPorto<\/p>\n<\/div><\/div>[\/vc_column_inner][\/vc_row_inner][vc_row_inner css=&#8221;.vc_custom_1719936445703{margin-bottom: 1% !important;}&#8221;][vc_column_inner width=&#8221;1\/6&#8243;]<div class='cws_textmodule_69e76986aa3a1 cws_textmodule'><div class='cws_textmodule_content_wrapper'><\/p>\n<p>2022<\/p>\n<p>\n<\/div><\/div>[\/vc_column_inner][vc_column_inner width=&#8221;5\/6&#8243;]<div class='cws_textmodule_69e76986aa734 cws_textmodule'><div class='cws_textmodule_content_wrapper'><p>Galeria Garoupinha<br \/>\nA\u00e7ores<\/p>\n<\/div><\/div>[\/vc_column_inner][\/vc_row_inner][vc_row_inner css=&#8221;.vc_custom_1719936445703{margin-bottom: 1% !important;}&#8221;][vc_column_inner width=&#8221;1\/6&#8243;]<div class='cws_textmodule_69e76986aaa83 cws_textmodule'><div class='cws_textmodule_content_wrapper'><\/p>\n<p>2023<\/p>\n<p>\n<\/div><\/div>[\/vc_column_inner][vc_column_inner width=&#8221;5\/6&#8243;]<div class='cws_textmodule_69e76986aadda cws_textmodule'><div class='cws_textmodule_content_wrapper'><p>M.D. Art Fair<br \/>\nAbu Dhabi<\/p>\n<\/div><\/div>[\/vc_column_inner][\/vc_row_inner][vc_row_inner css=&#8221;.vc_custom_1719936445703{margin-bottom: 1% !important;}&#8221;][vc_column_inner width=&#8221;1\/6&#8243;]<div class='cws_textmodule_69e76986ab122 cws_textmodule'><div class='cws_textmodule_content_wrapper'><\/p>\n<p>2023<br \/>\n2024<\/p>\n<p>\n<\/div><\/div>[\/vc_column_inner][vc_column_inner width=&#8221;5\/6&#8243;]<div class='cws_textmodule_69e76986ab454 cws_textmodule'><div class='cws_textmodule_content_wrapper'><p>Espa\u00e7o Amora Brava<br \/>\nViseu<\/p>\n<\/div><\/div>[\/vc_column_inner][\/vc_row_inner][\/vc_column][vc_column width=&#8221;1\/6&#8243;][\/vc_column][\/vc_row]<\/p>\n<\/div>","protected":false},"excerpt":{"rendered":"<p>[vc_row full_width=&#8221;stretch_row_content_no_spaces&#8221; css=&#8221;.vc_custom_1708009614767{margin-bottom: 10% !important;}&#8221; el_id=&#8221;about&#8221;][vc_column width=&#8221;1\/6&#8243;][\/vc_column][vc_column width=&#8221;2\/3&#8243; css=&#8221;.vc_custom_1720019168990{padding-right: 15px !important;padding-left: 15px !important;}&#8221;][vc_single_image image=&#8221;2481&#8243; img_size=&#8221;full&#8221;][\/vc_column][vc_column width=&#8221;1\/6&#8243;][\/vc_column][\/vc_row][vc_row full_width=&#8221;stretch_row_content_no_spaces&#8221; css=&#8221;.vc_custom_1720019190741{margin-bottom: 5% !important;padding-right: 15px !important;padding-left: 15px !important;}&#8221;][vc_column width=&#8221;1\/6&#8243;][\/vc_column][vc_column width=&#8221;2\/3&#8243;][\/vc_column][vc_column width=&#8221;1\/6&#8243;][\/vc_column][\/vc_row][vc_row full_width=&#8221;stretch_row_content_no_spaces&#8221; css=&#8221;.vc_custom_1720019180425{margin-bottom: 10% !important;padding-right: 15px !important;padding-left: 15px !important;}&#8221;][vc_column width=&#8221;1\/6&#8243;][\/vc_column][vc_column width=&#8221;1\/3&#8243;][vc_row_inner css=&#8221;.vc_custom_1719936445703{margin-bottom: 1% !important;}&#8221;][vc_column_inner width=&#8221;1\/6&#8243;][\/vc_column_inner][vc_column_inner width=&#8221;5\/6&#8243;][\/vc_column_inner][\/vc_row_inner][vc_row_inner css=&#8221;.vc_custom_1719936445703{margin-bottom: 1% !important;}&#8221;][vc_column_inner width=&#8221;1\/6&#8243;][\/vc_column_inner][vc_column_inner width=&#8221;5\/6&#8243;][\/vc_column_inner][\/vc_row_inner][vc_row_inner css=&#8221;.vc_custom_1719936445703{margin-bottom: 1% !important;}&#8221;][vc_column_inner width=&#8221;1\/6&#8243;][\/vc_column_inner][vc_column_inner width=&#8221;5\/6&#8243;][\/vc_column_inner][\/vc_row_inner][vc_row_inner css=&#8221;.vc_custom_1719936445703{margin-bottom: 1% !important;}&#8221;][vc_column_inner [&hellip;]<\/p>\n","protected":false},"author":1,"featured_media":0,"parent":0,"menu_order":0,"comment_status":"closed","ping_status":"closed","template":"","meta":{"footnotes":""},"class_list":["post-3415","page","type-page","status-publish","hentry"],"_links":{"self":[{"href":"https:\/\/sergioremondes.com\/en\/wp-json\/wp\/v2\/pages\/3415","targetHints":{"allow":["GET"]}}],"collection":[{"href":"https:\/\/sergioremondes.com\/en\/wp-json\/wp\/v2\/pages"}],"about":[{"href":"https:\/\/sergioremondes.com\/en\/wp-json\/wp\/v2\/types\/page"}],"author":[{"embeddable":true,"href":"https:\/\/sergioremondes.com\/en\/wp-json\/wp\/v2\/users\/1"}],"replies":[{"embeddable":true,"href":"https:\/\/sergioremondes.com\/en\/wp-json\/wp\/v2\/comments?post=3415"}],"version-history":[{"count":0,"href":"https:\/\/sergioremondes.com\/en\/wp-json\/wp\/v2\/pages\/3415\/revisions"}],"wp:attachment":[{"href":"https:\/\/sergioremondes.com\/en\/wp-json\/wp\/v2\/media?parent=3415"}],"curies":[{"name":"wp","href":"https:\/\/api.w.org\/{rel}","templated":true}]}}