{"id":3532,"date":"2024-01-26T14:51:56","date_gmt":"2024-01-26T14:51:56","guid":{"rendered":"https:\/\/sergioremondes.com\/cancelamento-trocas-e-devolucoes\/"},"modified":"2024-01-26T14:51:56","modified_gmt":"2024-01-26T14:51:56","slug":"cancelamento-trocas-e-devolucoes","status":"publish","type":"page","link":"https:\/\/sergioremondes.com\/en\/cancelamento-trocas-e-devolucoes\/","title":{"rendered":"CANCELAMENTO TROCAS E DEVOLU\u00c7\u00d5ES"},"content":{"rendered":"<div class=\"wpb-content-wrapper\"><p>[vc_row][vc_column][vc_empty_space height=&#8221;50px&#8221;][vc_column_text]<\/p>\r\n<h1 class=\"wp-block-heading\" style=\"text-align: center;\">CANCELAMENTO TROCAS E DEVOLU\u00c7\u00d5ES<\/h1>\r\n<p>\u00a0<\/p><h4 class=\"wp-block-heading\"><strong>CANCELAMENTO<\/strong><\/h4>\r\n<p>Encomendas cujo pagamento n\u00e3o seja efetuado com sucesso, ser\u00e3o canceladas ao fim de 24 horas a contar da hora de finaliza\u00e7\u00e3o da encomenda.<\/p>\r\n<p>Para efetuar o cancelamento da sua encomenda pode entrar em contacto com o Apoio a Cliente atrav\u00e9s do n\u00famero \u00a0(+351) 934\u00a0615\u00a0350 ou enviar um e-mail support@sergioremondes.com e comunique a inten\u00e7\u00e3o, indicando o n.\u00ba de encomenda e motivo.<\/p>\r\n<p>O cancelamento de encomenda \u00e9 poss\u00edvel apenas durante o processo de prepara\u00e7\u00e3o da encomenda e antes do envio da mesma e poder\u00e1 ser solicitado pelo cliente ou pelo SERGIO REMONDES caso haja altera\u00e7\u00f5es \u00e0s condi\u00e7\u00f5es referidas no processo de encomenda on-line. Na eventualidade de j\u00e1 ter ocorrido pagamento do valor da compra, o valor ser\u00e1 restitu\u00eddo ao cliente pelo mesmo m\u00e9todo de pagamento.<\/p>\r\n<p>\u00a0<\/p><h4 class=\"wp-block-heading\"><strong>TROCA OU DEVOLU\u00c7\u00c3O<\/strong><\/h4>\r\n<p>Se por algum motivo a encomenda n\u00e3o corresponder \u00e0s suas expectativas poder\u00e1 proceder \u00e0 devolu\u00e7\u00e3o da encomenda. Neste caso, ter\u00e1 15 dias, a contar a partir da data de rece\u00e7\u00e3o da encomenda, para nos fazer chegar os seus produtos para devolu\u00e7\u00e3o.<\/p>\r\n<p>Qualquer devolu\u00e7\u00e3o\/troca de artigos dever\u00e1 respeitar a seguinte condi\u00e7\u00e3o:<br \/>Restitui\u00e7\u00e3o dos artigos em bom estado (em condi\u00e7\u00f5es de venda), com embalagem original inviolada, sem terem sido experimentados e acompanhados da respetiva fatura. Se a embalagem estiver danificada e os artigos apresentarem marcas evidentes de uso, n\u00e3o poderemos aceitar a troca nem a devolu\u00e7\u00e3o ou cr\u00e9dito do valor.<\/p>\r\n<p>O(s) recibo(s)\/tal\u00e3o(\u00f5es) de compra deve(m) acompanhar o(s) produto(s).<\/p>\r\n<p>Se preferir pode contactar o nosso Apoio ao Cliente atrav\u00e9s do email support@sergioremondes.com, a comunicar a inten\u00e7\u00e3o de troca ou devolu\u00e7\u00e3o, indicando o n.\u00ba de encomenda ou n.\u00ba de fatura, produtos a devolver e motivo. Ap\u00f3s este contacto ser-lhe-\u00e3o dadas as indica\u00e7\u00f5es para dar seguimento \u00e0 troca ou devolu\u00e7\u00e3o. Em caso algum envie os artigos sem contacto pr\u00e9vio pois os mesmos n\u00e3o ser\u00e3o considerados para troca\/devolu\u00e7\u00e3o.<\/p>\r\n<p>Ap\u00f3s ter contactado o nosso Apoio ao Cliente e de lhe serem dadas as coordenadas de devolu\u00e7\u00e3o\/ troca, dever\u00e1 enviar-nos o artigo devidamente acondicionado e nas condi\u00e7\u00f5es referidas anteriormente, para a nossa morada: xxx<\/p>\r\n<p>[\/vc_column_text][vc_empty_space height=&#8221;75px&#8221;][\/vc_column][\/vc_row]<\/p><\/div>","protected":false},"excerpt":{"rendered":"<p>[vc_row][vc_column][vc_empty_space height=&#8221;50px&#8221;][vc_column_text] CANCELAMENTO TROCAS E DEVOLU\u00c7\u00d5ES \u00a0 CANCELAMENTO Encomendas cujo pagamento n\u00e3o seja efetuado com sucesso, ser\u00e3o canceladas ao fim de 24 horas a contar da hora de finaliza\u00e7\u00e3o da encomenda. Para efetuar o cancelamento da sua encomenda pode entrar em contacto com o Apoio a Cliente atrav\u00e9s do n\u00famero \u00a0(+351) 934\u00a0615\u00a0350 ou enviar um [&hellip;]<\/p>\n","protected":false},"author":1,"featured_media":0,"parent":0,"menu_order":0,"comment_status":"closed","ping_status":"closed","template":"","meta":{"footnotes":""},"class_list":["post-3532","page","type-page","status-publish","hentry"],"_links":{"self":[{"href":"https:\/\/sergioremondes.com\/en\/wp-json\/wp\/v2\/pages\/3532","targetHints":{"allow":["GET"]}}],"collection":[{"href":"https:\/\/sergioremondes.com\/en\/wp-json\/wp\/v2\/pages"}],"about":[{"href":"https:\/\/sergioremondes.com\/en\/wp-json\/wp\/v2\/types\/page"}],"author":[{"embeddable":true,"href":"https:\/\/sergioremondes.com\/en\/wp-json\/wp\/v2\/users\/1"}],"replies":[{"embeddable":true,"href":"https:\/\/sergioremondes.com\/en\/wp-json\/wp\/v2\/comments?post=3532"}],"version-history":[{"count":0,"href":"https:\/\/sergioremondes.com\/en\/wp-json\/wp\/v2\/pages\/3532\/revisions"}],"wp:attachment":[{"href":"https:\/\/sergioremondes.com\/en\/wp-json\/wp\/v2\/media?parent=3532"}],"curies":[{"name":"wp","href":"https:\/\/api.w.org\/{rel}","templated":true}]}}