{"id":3540,"date":"2024-01-26T14:47:52","date_gmt":"2024-01-26T14:47:52","guid":{"rendered":"https:\/\/sergioremondes.com\/sending-parcels\/"},"modified":"2024-07-15T13:35:29","modified_gmt":"2024-07-15T13:35:29","slug":"sending-parcels","status":"publish","type":"page","link":"https:\/\/sergioremondes.com\/en\/sending-parcels\/","title":{"rendered":"SENDING PARCELS"},"content":{"rendered":"<div class=\"wpb-content-wrapper\"><p>[vc_row][vc_column][vc_empty_space height=&#8221;50px&#8221;][vc_column_text]<\/p>&#13;\n<h1 class=\"wp-block-heading\" style=\"text-align: center;\">SENDING PARCELS<\/h1>&#13;<p>&nbsp;<\/p>&#13;\n<h4 class=\"wp-block-heading\"><strong>DELIVERY DETAILS<\/strong><\/h4>&#13;\n<p>A morada introduzida aquando do registo no website surge automaticamente como destino para envio da encomenda. Caso queira que a encomenda seja entregue noutra morada ter\u00e1 apenas que selecionar \u201cEnviar para endere\u00e7os distintos\u201d e preencher com os novos dados de envio.<\/p>&#13;\n<p>Se achar conveniente, poder\u00e1 deixar-nos alguns coment\u00e1rios sobre a sua entrega no campo \u201cObserva\u00e7\u00f5es\u201d. Por exemplo, poder\u00e1 informar-nos que poder\u00e1 estar ausente num certo dia ou que caso n\u00e3o esteja ningu\u00e9m em casa na hora de entrega que podemos deixar a encomenda no supermercado ao lado de sua casa.<\/p>&#13;<p>&nbsp;<\/p>&#13;\n<h4 class=\"wp-block-heading\"><strong>SELECT THE SHIPPING METHOD<\/strong><\/h4>&#13;\n<p><b>Nacional<\/b>:\u00a0se reside em Portugal e prefere uma entrega atrav\u00e9s de transportadora, pode optar por esta op\u00e7\u00e3o. Dependendo da morada que selecionou para entrega, os portes e os prazos de entrega variam da seguinte forma:<\/p>&#13;\n<ul>&#13;\n<li>Su\u00ed\u00e7a: entrega: 5 a 8 dias \u00fateis<\/li>&#13;\n<li>Europa: entrega: at\u00e9 15 dias \u00fateis<\/li>&#13;\n<li>Outros pa\u00edses: at\u00e9 30 dias \u00fateis<\/li>&#13;\n<li>Os valores dos portes para Portugal s\u00e3o de 15\u20ac. Nas restantes localiza\u00e7\u00f5es o pre\u00e7o \u00e9 calculado consoante o volume total da encomenda.<\/li>&#13;\n<li>Para valores superiores a 150\u20ac\u00a0 os portes ser\u00e3o gratuitos.<\/li>&#13;\n<li>Ao selecionar op\u00e7\u00e3o \u201cNacional\u201d, efetuamos o envio ap\u00f3s boa cobran\u00e7a da encomenda.<\/li>&#13;\n<\/ul>&#13;\n<p>\u00a0<\/p>&#13;\n<p><b>Internacional<\/b>:\u00a0Se reside no estrangeiro (fora de Portugal) dever\u00e1 escolher esta op\u00e7\u00e3o. Dependendo do pa\u00eds e morada de entrega, os portes e os prazos de entrega variam da seguinte forma:<\/p>&#13;\n<ul>&#13;\n<li>Europa: entrega: at\u00e9 15 dias \u00fateis<\/li>&#13;\n<li>Resto do mundo: entrega a partir de 15 dias \u00fateis<\/li>&#13;\n<li>O pre\u00e7o \u00e9 calculado consoante o volume total da encomenda.<\/li>&#13;\n<li>Ao selecionar op\u00e7\u00e3o \u201cInternacional\u201d, efetuamos o envio ap\u00f3s boa cobran\u00e7a da encomenda.<\/li>&#13;\n<\/ul>&#13;<p>&nbsp;<\/p>&#13;\n<h4 class=\"wp-block-heading\"><strong>SELECT THE PAYMENT METHOD<\/strong><\/h4>&#13;\n<p>Todos os pre\u00e7os apresentados incluem IVA \u00e0 taxa legal em vigor. Os meios de pagamento dispon\u00edveis s\u00e3o:<\/p>&#13;\n<ul>&#13;\n<li>Transfer\u00eancia banc\u00e1ria<\/li>&#13;\n<li>Visa<\/li>&#13;\n<li>Cart\u00e3o de Cr\u00e9dito<\/li>&#13;\n<li>MBWay<\/li>&#13;\n<\/ul>&#13;\n<p>\u00a0<\/p>&#13;\n<h4><strong>ORDER SUMMARY<\/strong><\/h4>&#13;\n<p>Ap\u00f3s selecionar o m\u00e9todo de entrega e de pagamento, surgir-lhe-\u00e1 o \u201cResumo da Encomenda\u201d. Verifique os dados apresentados:<\/p>&#13;\n<ul>&#13;\n<li>Dados e forma para a entrega da encomenda.<\/li>&#13;\n<li>Dados de fatura\u00e7\u00e3o e forma de pagamento.<\/li>&#13;\n<li>Resumo do tipo e quantidade de artigos a encomendar, com linhas discriminativas de subtotais.<\/li>&#13;\n<li>PVP c\/ IVA, pre\u00e7o de portes, tipo e valor de IVA e valor total final.<\/li>&#13;\n<li>Dados relativos a formas de pagamento e outras informa\u00e7\u00f5es \u00fateis.<\/li>&#13;\n<\/ul>&#13;\n<p>\u00a0<\/p>&#13;\n<p>Se tudo estiver correto e de acordo com as suas prefer\u00eancias, pode finalizar a encomenda. Primeiro deve ler e aceitar os Termos e Condi\u00e7\u00f5es e depois clicar em \u201cEncomendar\u201d.<\/p>&#13;\n<p>\u00a0<\/p>&#13;\n<h4><strong>COUPONS OR DISCOUNT CODES<\/strong><\/h4>&#13;\n<p>Se lhe tiverem sido atribu\u00eddos, adicione os cup\u00f5es de desconto antes de terminar a sua encomenda.<\/p>&#13;\n<p>[\/vc_column_text][vc_empty_space height=&#8221;75px&#8221;][\/vc_column][\/vc_row]<\/p><\/div>","protected":false},"excerpt":{"rendered":"<p>[vc_row][vc_column][vc_empty_space height=&#8221;50px&#8221;][vc_column_text] &#13; SENDING PARCELS &#13; &nbsp; &#13; DELIVERY DETAILS &#13; A morada introduzida aquando do registo no website surge automaticamente como destino para envio da encomenda. Caso queira que a encomenda seja entregue noutra morada ter\u00e1 apenas que selecionar \u201cEnviar para endere\u00e7os distintos\u201d e preencher com os novos dados de envio. &#13; Se achar [&hellip;]<\/p>\n","protected":false},"author":1,"featured_media":0,"parent":0,"menu_order":0,"comment_status":"closed","ping_status":"closed","template":"","meta":{"footnotes":""},"class_list":["post-3540","page","type-page","status-publish","hentry"],"_links":{"self":[{"href":"https:\/\/sergioremondes.com\/en\/wp-json\/wp\/v2\/pages\/3540","targetHints":{"allow":["GET"]}}],"collection":[{"href":"https:\/\/sergioremondes.com\/en\/wp-json\/wp\/v2\/pages"}],"about":[{"href":"https:\/\/sergioremondes.com\/en\/wp-json\/wp\/v2\/types\/page"}],"author":[{"embeddable":true,"href":"https:\/\/sergioremondes.com\/en\/wp-json\/wp\/v2\/users\/1"}],"replies":[{"embeddable":true,"href":"https:\/\/sergioremondes.com\/en\/wp-json\/wp\/v2\/comments?post=3540"}],"version-history":[{"count":0,"href":"https:\/\/sergioremondes.com\/en\/wp-json\/wp\/v2\/pages\/3540\/revisions"}],"wp:attachment":[{"href":"https:\/\/sergioremondes.com\/en\/wp-json\/wp\/v2\/media?parent=3540"}],"curies":[{"name":"wp","href":"https:\/\/api.w.org\/{rel}","templated":true}]}}