{"id":3542,"date":"2024-01-26T15:18:22","date_gmt":"2024-01-26T15:18:22","guid":{"rendered":"https:\/\/sergioremondes.com\/privacy-policy\/"},"modified":"2024-07-15T13:36:11","modified_gmt":"2024-07-15T13:36:11","slug":"privacy-policy","status":"publish","type":"page","link":"https:\/\/sergioremondes.com\/en\/privacy-policy\/","title":{"rendered":"PRIVACY POLICY"},"content":{"rendered":"<div class=\"wpb-content-wrapper\"><p>[vc_row][vc_column][vc_empty_space height=&#8221;50px&#8221;][vc_column_text]<\/p>&#13;\n<h1 class=\"wp-block-heading\" style=\"text-align: center;\">PRIVACY POLICY<\/h1>&#13;\n<h4>\u00a0<\/h4>&#13;\n<h4><\/h4><p><\/p><b>PROTE\u00c7\u00c3O DE DADOS: SEGURAN\u00c7A E PROTE\u00c7\u00c3O NA INTERNET<\/b>&#13;\n<p>Quest\u00f5es de prote\u00e7\u00e3o e seguran\u00e7a de dados frequentemente levantam d\u00favidas e perguntas para utilizadores de servi\u00e7os online. Com o objetivo de amenizar essas incertezas por meio de m\u00e1xima transpar\u00eancia, expomos aqui as nossas pr\u00e1ticas em termos de recolha de dados na utiliza\u00e7\u00e3o do nosso site: volume, finalidade, modo de uso e poss\u00edvel transmiss\u00e3o. Tamb\u00e9m o informamos sobre os seus direitos em rela\u00e7\u00e3o ao uso dos seus dados.<\/p>&#13;\n<p>\u00a0<\/p>&#13;\n<h4 class=\"wp-block-heading\"><\/h4><\/h4>\n<h4><b>DADOS PESSOAIS<\/b>&#13;\n<p>Dados pessoais s\u00e3o informa\u00e7\u00f5es relacionadas \u00e0 condi\u00e7\u00e3o pessoal ou material de uma pessoa f\u00edsica identificada ou identific\u00e1vel, como por exemplo, o seu nome, endere\u00e7o, n\u00famero de telefone ou data de nascimento. As informa\u00e7\u00f5es n\u00e3o relacionadas direta ou indiretamente a si (por exemplo, n\u00famero de utilizadores de uma p\u00e1gina ou popularidade de um site) n\u00e3o s\u00e3o dados pessoais. N\u00f3s colet\u00e1mo-los e utilizamos para otimizar o nosso site e melhorar a sua usabilidade, por exemplo.<\/p>&#13;\n<p>\u00a0<\/p>&#13;\n<h4 class=\"wp-block-heading\"><b>EXTENT AND PURPOSE OF PERSONAL DATA COLLECTION<\/b><\/h4>&#13;\n<p>Se voc\u00ea deseja solicitar produtos ou servi\u00e7os do nosso site, precisamos das seguintes informa\u00e7\u00f5es para concluir a transa\u00e7\u00e3o:<\/p>&#13;\n<ul>&#13;\n<li>Formul\u00e1rio de chamada;<\/li>&#13;\n<li>Nome Sobrenome;<\/li>&#13;\n<li>Endere\u00e7o;<\/li>&#13;\n<li>N\u00famero de telefone (o seu ou de uma pessoa designada por voc\u00ea) para quaisquer perguntas relacionadas com o seu pedido;<\/li>&#13;\n<li>Endere\u00e7o de e-mail para envio de informa\u00e7\u00f5es sobre o seu pedido e confirma\u00e7\u00e3o do pedido;<\/li>&#13;\n<li>Linguagem correspondente;<\/li>&#13;\n<li>Tipo de pagamento \/ provedor de servi\u00e7os financeiros;<\/li>&#13;\n<\/ul>&#13;\n<p>Voc\u00ea fornece nos esses dados pessoais registrando-se como visitante ou abrindo uma conta pessoal de cliente.<\/p>&#13;\n<p>Para garantir a seguran\u00e7a do sistema, o nosso servidor do site tamb\u00e9m regista por defeito os dados de login dos utilizadores, as p\u00e1ginas que visitam, a data e dura\u00e7\u00e3o da visita, os tipos de navegador e sistema operativo utilizados e o site a partir do qual chegou no nosso. Esses dados s\u00e3o registrados de forma an\u00f4nima, de modo que \u00e9 imediatamente imposs\u00edvel vincul\u00e1-los a uma pessoa identificada ou identific\u00e1vel.<\/p>&#13;\n<p>\u00a0<\/p>&#13;\n<h4><b>CONSENT<\/b><\/h4>&#13;\n<p>Ao comunicar os seus dados ao se registrar como visitante, crie uma conta pessoal de cliente e \/ ou use nosso site sem registro, voc\u00ea confirma que est\u00e1 ciente desta declara\u00e7\u00e3o e concorda com a recolha, processamento e transmiss\u00e3o dos seus dados dentro dos limites nela especificados.<\/p>&#13;\n<p>\u00a0<\/p>&#13;\n<h4><b>USE OF COOKIES<\/b><\/h4>&#13;\n<p>Utilizamos cookies para tornar mais agrad\u00e1vel a sua visita ao nosso site, que nos ajudam a otimizar a organiza\u00e7\u00e3o do site, a facilitar a navega\u00e7\u00e3o e, em geral, para maximizar sua facilidade de uso. Cookies s\u00e3o um arquivos de texto salvos no disco r\u00edgido do utilizador quando ele visita um site. Eles permitem que as informa\u00e7\u00f5es sejam mantidas por um determinado per\u00edodo e identifiquem o PC do utilizador. Se voc\u00ea aceitar nossos cookies, eles permanecer\u00e3o em seu PC at\u00e9 que voc\u00ea os exclua. Voc\u00ea pode desativar a recolha e o registro dos seus dados por este servi\u00e7o a qualquer momento no seu navegador.<\/p>&#13;\n<p>\u00a0<\/p>&#13;\n<h4><b>USING GOOGLE ANALYTICS<\/b><\/h4>&#13;\n<p>O nosso site usa o Google Analytics, um servi\u00e7o de an\u00e1lise da web do Google Inc., 1600 Amphitheatre Parkway, Mountain View, CA 94043, EUA (doravante \u201cGoogle\u201d). O Google Analytics utiliza cookies que armazena no seu PC para analisar a sua utiliza\u00e7\u00e3o do nosso site. As informa\u00e7\u00f5es geradas pelo cookie sobre o uso do site geralmente s\u00e3o transmitidas a um servidor do Google nos Estados Unidos, onde s\u00e3o armazenadas. Ele afirma que n\u00e3o se mistura com outros conjuntos de dados o endere\u00e7o IP transmitido pelo seu navegador como parte do Google Analytics, mas o sincroniza com outras tecnologias de sistema do Google, como o DoubleClick, p. ex. (veja detalhes na se\u00e7\u00e3o Publicidade online adaptada ao utilizador a seguir). Afirma tamb\u00e9m que apenas transmite esses dados a terceiros para cumprir uma exig\u00eancia legal ou como parte do processamento de dados contratuais. Ao utilizar o nosso site, voc\u00ea declara que aceita o processamento por parte do Google de dados a seu respeito, o tipo de processamento de dados descrito acima e a finalidade mencionada. Voc\u00ea pode impedir que os cookies sejam salvos alterando as configura\u00e7\u00f5es do seu navegador. Voc\u00ea tamb\u00e9m pode impedir a entrada e o processamento de dados pelo Google baixando e instalando o plug-in de navegador dispon\u00edvel aqui: https:\/\/tools.google.com\/dlpage\/gaoptout?hl=fr Para saber mais sobre os termos de uso e prote\u00e7\u00e3o de dados, v\u00e1 para aqui: https:\/\/<a href=\"http:\/\/www.google.ch\/analytics\/terms\/fr.html\">www.google.ch\/analytics\/terms\/fr.html\u00a0<\/a>ou aqui: https:\/\/policies.google.com\/ hl = fr &amp; gl = fr.<\/p>&#13;\n<p>\u00a0<\/p>&#13;\n<h4><b>USING MICROSOFT BING ADS<\/b><\/h4>&#13;\n<p>Este site usa o rastreamento de convers\u00e3o do Bing Ads (Microsoft Corporation, One Microsoft Way, Redmond, WA 98052-6399, EUA). Quando voc\u00ea clica num an\u00fancio do Bing, um cookie \u00e9 salvo no seu PC. Ele permite que o Bing e o operador do site saibam que voc\u00ea acedeu ao nosso site por meio de um an\u00fancio do Bing. Salientamos expressamente que nesta ocasi\u00e3o o seu endere\u00e7o IP tamb\u00e9m ser\u00e1 gravado. Se voc\u00ea n\u00e3o deseja participar desta opera\u00e7\u00e3o de rastreamento, pode recusar o registro do cookie modificando as configura\u00e7\u00f5es do seu navegador. Voc\u00ea tamb\u00e9m pode prosseguir com a desativa\u00e7\u00e3o seguindo o link abaixo:\u00a0<a href=\"http:\/\/choice.microsoft.com\/fr\/opt-out\">http:\/\/choice.microsoft.com\/fr\/opt-out.<\/a><\/p>&#13;\n<p>Pode encontrar mais informa\u00e7\u00f5es sobre prote\u00e7\u00e3o de dados e cookies usados pelo Microsoft Bing no site da Microsoft: https:\/\/privacy.microsoft.com\/fr- fr\/privacystatement.<\/p>&#13;\n<p>\u00a0<\/p>&#13;\n<h4><b>USE OF SOCIAL PLUG-INS<\/b><\/h4>&#13;\n<p>O nosso site usa plug-ins sociais de terceiros, como Facebook, Twitter ou Google+. Esses plug-ins trazem o log\u00f3tipo do fornecedor e podem assumir a forma de um bot\u00e3o \u201ccurtir\u201d, \u201cGoogle+\u201d ou \u201cTwitter\u201d. Quando voc\u00ea visita um site que cont\u00e9m esse plug-in, o seu navegador estabelece uma rela\u00e7\u00e3o direta com os computadores do fornecedor. O conte\u00fado do plug-in \u00e9 depois transmitido diretamente para o seu navegador, que o integra ao site. A integra\u00e7\u00e3o dos sinais de plug-in ao fornecedor que visitou o nosso site. Se voc\u00ea tiver uma conta com o fornecedor e estiver conectado, o fornecedor pode vincular a visita ao seu perfil. Quando voc\u00ea interage com um plug-in (clicando em gostar ou deixar um coment\u00e1rio), o seu navegador informa diretamente ao fornecedor, que armazena as informa\u00e7\u00f5es. Se desconectar-se, o fornecedor continuar\u00e1, gra\u00e7as ao plug-in, a recolher dados an\u00f4nimos e a instalar cookies. Ao reconectar-se ao site do fornecedor, esses dados podem ser vinculados ao seu perfil.<\/p>&#13;\n<p>Para saber mais sobre a recolha e uso dos seus dados por um fornecedor, os seus direitos sobre isso e como pode proteger a sua privacidade, consulte as informa\u00e7\u00f5es do fornecedor sobre prote\u00e7\u00e3o de dados.<\/p>&#13;\n<p>Facebook Ireland Ltd. bzw. Facebook, Inc.: Https:\/\/<a href=\"http:\/\/www.facebook.com\/policy\">www.facebook.com\/policy<\/a><\/p>&#13;\n<p>Google Inc.: Https:\/\/policies.google.com\/privacy<\/p>&#13;\n<p>Twitter Inc.: Https:\/\/twitter.com\/de\/privacy<\/p>&#13;\n<p>Se n\u00e3o quer que os fornecedores recolham dados pessoais por meio desses cookies, pode selecionar nas configura\u00e7\u00f5es do seu navegador a op\u00e7\u00e3o Bloquear cookies de terceiros. O seu navegador n\u00e3o enviar\u00e1 mais cookies para o servidor no caso de conte\u00fado incorporado de outros fornecedores.<\/p>&#13;\n<p>\u00a0<\/p>&#13;\n<h4><b>EASY-TO-USE ONLINE ADVERTISING<\/b><\/h4>&#13;\n<p>O nosso site recolhe e processa de forma an\u00f4nima informa\u00e7\u00f5es sobre o comportamento do utilizador (p\u00e1ginas principais e secund\u00e1rias visitadas, produtos revisados, etc.). Usamos esses dados para fornecer-lhe an\u00fancios relevantes \u00e0s suas \u00e1reas de interesse e, assim, fornecer valor agregado. Para registrar o comportamento do utilizador, colocamos um cookie no seu computador, que comparamos com o pixel invis\u00edvel correspondente em nosso site. Para otimizar a nossa oferta publicit\u00e1ria, utilizamos as ferramentas abaixo indicadas de forma permanente ou tempor\u00e1ria e colaboramos com os fornecedores mencionados. Essas informa\u00e7\u00f5es s\u00e3o registradas sob um pseud\u00f4nimo (um n\u00famero de identidade n\u00e3o personalizado), de forma que \u00e9 imposs\u00edvel identific\u00e1-lo pessoalmente. Pode evitar que os cookies sejam salvos marcando a op\u00e7\u00e3o de recusar cookies no seu navegador. Tamb\u00e9m pode configurar o seu navegador de forma a pedir o seu consentimento sempre que quiser guardar um cookie. Em conclus\u00e3o, pode excluir os cookies armazenados no seu PC a qualquer momento. Usamos as ferramentas e os fornecedores abaixo para registrar dados e personalizar nossa publicidade para nossos utilizadores.<\/p>&#13;\n<p>Ferramenta \/ Fornecedor:<\/p>&#13;\n<p>Informa\u00e7\u00f5es sobre prote\u00e7\u00e3o de dados e possibilidades de se opor ao uso de dados (\u201copt out\u201d)<\/p>&#13;\n<p>Convers\u00e3o do Google Adwords<\/p>&#13;\n<p>https:\/\/support.google.com\/adwords\/answer\/1722022 https:\/\/adssettings.google.com<\/p>&#13;\n<p>Remarketing do Google Dynamic<\/p>&#13;\n<p>https:\/\/policies.google.com\/ https:\/\/adssettings.google.com<\/p>&#13;\n<p>Google Analytics<\/p>&#13;\n<p>https:\/\/<a href=\"http:\/\/www.google.ch\/intl\/fr\/policies\/\">www.google.ch\/intl\/fr\/policies\/<\/a><\/p>&#13;\n<p>https:\/\/<a href=\"http:\/\/www.google.com\/analytics\/terms\/fr.html\">www.google.com\/analytics\/terms\/fr.html<\/a><\/p>&#13;\n<p>https:\/\/tools.google.com\/dlpage\/gaoptout?hl=fr<\/p>&#13;\n<p>https:\/\/support.google.com\/chrome\/answer\/95464<\/p>&#13;\n<p>Google DoubleClick<\/p>&#13;\n<p>https:\/\/policies.google.com\/ https:\/\/adssettings.google.com<\/p>&#13;\n<p>Criteo<\/p>&#13;\n<p><a href=\"http:\/\/www.criteo.com\/fr\/privacy\/\">http:\/\/www.criteo.com\/fr\/privacy\/<\/a><\/p>&#13;\n<p>Facebook<\/p>&#13;\n<p>https:\/\/<a href=\"http:\/\/www.facebook.com\/privacy\/explanation\">www.facebook.com\/privacy\/explanation<\/a>\u00a0https:\/\/<a href=\"http:\/\/www.facebook.com\/login.php\">www.facebook.com\/login.php?\u00a0<\/a>pr\u00f3ximo = https% 3A% 2F% 2Fwww.facebook.com% 2Fsettings% 2F% 3Ftab<\/p>&#13;\n<p>Twitter<\/p>&#13;\n<p>https:\/\/twitter.com\/fr\/privacy https:\/\/twitter.com\/personalization<\/p>&#13;\n<p>Bing Ads<\/p>&#13;\n<p>https:\/\/privacy.microsoft.com\/fr-fr\/privacystatement<\/p>&#13;\n<p><a href=\"http:\/\/choice.microsoft.com\/fr\/opt-out\">http:\/\/choice.microsoft.com\/fr\/opt-out<\/a><\/p>&#13;\n<p>\u00a0<\/p>&#13;\n<h4><b>USE OF CUSTOMER DATA<\/b><\/h4>&#13;\n<p>Se fizer uma encomenda no nosso site atrav\u00e9s de uma conta de cliente acti, processamos os dados espec\u00edficos correspondentes para enriquecer a personaliza\u00e7\u00e3o da publicidade, mas apenas para organizar conte\u00fados din\u00e2micos e criar segmentos de grupos-alvo. Por exemplo, para exibir ofertas especiais espec\u00edficas para uma marca ou an\u00fancios correspondentes \u00e0s suas \u00e1reas de interesse (banner, site ou boletim informativo). Al\u00e9m disso, unimos todos os dados do cliente para criar segmentos de grupos-alvo n\u00e3o personalizados, que geralmente incluem uma avalia\u00e7\u00e3o de grupos de idade ou a an\u00e1lise de comportamentos de compra espec\u00edficos. Ao fazer isso, n\u00e3o usamos ou enriquecemos quaisquer dados pessoais fora da sua conta de cliente em nenhum momento. Nossa infraestrutura de sistema protege a sua conta de cliente contra acesso n\u00e3o autorizado por v\u00e1rios meios. Al\u00e9m disso, pode excluir os seus pr\u00f3prios dados dessas avalia\u00e7\u00f5es a qualquer momento. Para tal, contacte-nos em\u00a0support@sergioremondes.com<\/p>&#13;\n<p>\u00a0<\/p>&#13;\n<h4><b>FORMS<\/b><\/h4>&#13;\n<p>No nosso site, tem a possibilidade de nos contatar sobre todos os tipos de assuntos. Dependendo do assunto de sua mensagem, dever\u00e1 indicar diferentes elementos no formul\u00e1rio. Dados pessoais, como formul\u00e1rio de chamada, nome, sobrenome, endere\u00e7o de e-mail e o motivo da sua solicita\u00e7\u00e3o, devem ser fornecidos para que possamos responder-lhe. Pode tamb\u00e9m indicar o n\u00famero do seu pedido se a sua solicita\u00e7\u00e3o est\u00e1 relacionada a um pedido espec\u00edfico.<\/p>&#13;\n<p>\u00a0<\/p>&#13;\n<h4><b>DATA SECURITY<\/b><\/h4>&#13;\n<p>A transmiss\u00e3o de dados ocorre por meio de uma conex\u00e3o SSL segura, para que terceiros n\u00e3o autorizados possam acess\u00e1-la. As p\u00e1ginas protegidas por SSL s\u00e3o aquelas cujo endere\u00e7o come\u00e7a com https: \/\/. A maioria dos navegadores tamb\u00e9m exibe um pequeno cadeado fechado, por exemplo, na barra de status na parte inferior da tela.<\/p>&#13;\n<p>\u00a0<\/p>&#13;\n<h4><b>LINKS TO OTHER SITES<\/b><\/h4>&#13;\n<p>O nosso site incorpora imagens e v\u00eddeos de sites de terceiros, bem como links para esses sites. Estes \u00faltimos n\u00e3o s\u00e3o afetados por essas disposi\u00e7\u00f5es. N\u00e3o temos nenhuma influ\u00eancia na ado\u00e7\u00e3o e cumprimento dos mesmos por parte dos operadores de sites de terceiros e, portanto, n\u00e3o aceitamos qualquer responsabilidade pela exatid\u00e3o, oportunidade e integridade das informa\u00e7\u00f5es que eles fornecem.<\/p>&#13;\n<p>\u00a0<\/p>&#13;\n<h4><b>TRANSMISSION OF DATA TO THIRD PARTIES<\/b><\/h4>&#13;\n<p>Podemos transmitir todos os dados por n\u00f3s inseridos \u00e0s empresas e unidades da Coop Soci\u00e9t\u00e9 Coop\u00e9rative, que t\u00eam o direito de utilizar esses dados de acordo com as mesmas regras que nos s\u00e3o aplic\u00e1veis. Tamb\u00e9m repassamos os seus dados a terceiros se isso for necess\u00e1rio para o processamento do pedido (por exemplo, para entrega) ou se esses terceiros forem respons\u00e1veis pelo processamento desses dados no contexto das rela\u00e7\u00f5es contratuais connosco. Tamb\u00e9m podemos exigir que prestadores de servi\u00e7os externos obede\u00e7am a instru\u00e7\u00f5es, em particular para garantir o funcionamento do site ou o envio de mailings e e-mails. Os prestadores de servi\u00e7os externos apenas t\u00eam acesso aos dados pessoais nas condi\u00e7\u00f5es de utiliza\u00e7\u00e3o previstas no seu mandato e devem assinar um acordo de confidencialidade que os obrigue legalmente a respeitar as instru\u00e7\u00f5es da Coop Soci\u00e9t\u00e9 Coop\u00e9rative. N\u00e3o repassamos quaisquer dados a terceiros n\u00e3o autorizados, a menos que a lei ou um julgamento assim o exija.<\/p>&#13;\n<p>\u00a0<\/p>&#13;\n<h4><b>SERVICES AND PAYMENT METHODS ADVANCE PAYMENT<\/b><\/h4>&#13;\n<p>Ao selecionar a forma de pr\u00e9-pagamento, receber\u00e1 os detalhes da conta por e-mail da Interdiscount ao final do pedido. Nenhum dado de pagamento \u00e9 transmitido pela nossa loja online.<\/p>&#13;\n<p>\u00a0<\/p>&#13;\n<h4><strong>PARTNER SERVICES<\/strong><\/h4>&#13;\n<p>Os servi\u00e7os da loja online, como servi\u00e7os de instala\u00e7\u00e3o ou seguros, s\u00e3o oferecidos por parceiros externos. Para oferecer os servi\u00e7os a serem executados em uma solicita\u00e7\u00e3o do cliente, os dados do pedido (nomes, produtos, endere\u00e7os de entrega) s\u00e3o transmitidos ao parceiro. Isso garante que nenhum dado seja usado pela empresa parceira de processamento al\u00e9m da solicita\u00e7\u00e3o concreta do cliente. A empresa parceira n\u00e3o utiliza esses dados para si, nem os repassa a terceiros. Com a colabora\u00e7\u00e3o atual das seguintes empresas parceiras<\/p>&#13;\n<p>\u00a0<\/p>&#13;\n<h4><b>TRANSPORT PROVIDERS:<\/b><\/h4>&#13;\n<p>CTT EXPRESS | DHL<\/p>&#13;\n<p>\u00a0<\/p>&#13;\n<h4><strong>RIGHT OF ACCESS AND WITHDRAWAL<\/strong><\/h4>&#13;\n<p>Tem o direito de se opor a qualquer momento ao arquivamento dos seus dados pessoais, a menos que uma disposi\u00e7\u00e3o contratual ou legal se oponha a isso. Iremos fornecer-lhe informa\u00e7\u00f5es gratuitas sobre o seu pedido dos dados arquivados a seu respeito. Tem tamb\u00e9m o direito de retificar, excluir e bloquear os seus dados pessoais. A sua elimina\u00e7\u00e3o pode ir de encontro a requisitos legais, em particular no que se refere aos dados exigidos para a contabilidade. Os dados ser\u00e3o apagados se nenhum dos motivos mencionados exigir o seu arquivamento. Para quaisquer quest\u00f5es relacionadas com os seus dados pessoais, contacte-nos em\u00a0support@sergioremondes.com<\/p>&#13;\n<p>\u00a0<\/p>&#13;\n<p>[\/vc_column_text][vc_empty_space height=&#8221;75px&#8221;][\/vc_column][\/vc_row]<\/p><\/div>","protected":false},"excerpt":{"rendered":"<p>[vc_row][vc_column][vc_empty_space height=&#8221;50px&#8221;][vc_column_text] &#13; PRIVACY POLICY &#13; \u00a0 &#13; PROTE\u00c7\u00c3O DE DADOS: SEGURAN\u00c7A E PROTE\u00c7\u00c3O NA INTERNET&#13; Quest\u00f5es de prote\u00e7\u00e3o e seguran\u00e7a de dados frequentemente levantam d\u00favidas e perguntas para utilizadores de servi\u00e7os online. Com o objetivo de amenizar essas incertezas por meio de m\u00e1xima transpar\u00eancia, expomos aqui as nossas pr\u00e1ticas em termos de recolha de [&hellip;]<\/p>\n","protected":false},"author":1,"featured_media":0,"parent":0,"menu_order":0,"comment_status":"closed","ping_status":"closed","template":"","meta":{"footnotes":""},"class_list":["post-3542","page","type-page","status-publish","hentry"],"_links":{"self":[{"href":"https:\/\/sergioremondes.com\/en\/wp-json\/wp\/v2\/pages\/3542","targetHints":{"allow":["GET"]}}],"collection":[{"href":"https:\/\/sergioremondes.com\/en\/wp-json\/wp\/v2\/pages"}],"about":[{"href":"https:\/\/sergioremondes.com\/en\/wp-json\/wp\/v2\/types\/page"}],"author":[{"embeddable":true,"href":"https:\/\/sergioremondes.com\/en\/wp-json\/wp\/v2\/users\/1"}],"replies":[{"embeddable":true,"href":"https:\/\/sergioremondes.com\/en\/wp-json\/wp\/v2\/comments?post=3542"}],"version-history":[{"count":0,"href":"https:\/\/sergioremondes.com\/en\/wp-json\/wp\/v2\/pages\/3542\/revisions"}],"wp:attachment":[{"href":"https:\/\/sergioremondes.com\/en\/wp-json\/wp\/v2\/media?parent=3542"}],"curies":[{"name":"wp","href":"https:\/\/api.w.org\/{rel}","templated":true}]}}