{"id":3647,"date":"2024-10-02T13:19:43","date_gmt":"2024-10-02T13:19:43","guid":{"rendered":"https:\/\/sergioremondes.com\/?post_type=product&#038;p=3647"},"modified":"2024-10-02T15:28:17","modified_gmt":"2024-10-02T15:28:17","slug":"catalogo-exposicao-madeira-2024","status":"publish","type":"product","link":"https:\/\/sergioremondes.com\/en\/produto\/catalogo-exposicao-madeira-2024\/","title":{"rendered":"Cat\u00e1logo Exposi\u00e7\u00e3o Madeira 2024"},"content":{"rendered":"","protected":false},"excerpt":{"rendered":"<h3><strong><em>Edi\u00e7\u00e3o limitada,\u00a0 a 250 exemplares<\/em><\/strong><\/h3>\n<p>&nbsp;<\/p>\n<p><span style=\"font-weight: 400;\"><strong>T\u00e9cnica<\/strong>: Impress\u00e3o Offset<\/span><\/p>\n<p><span style=\"font-weight: 400;\"><strong>Dimens\u00e3o<\/strong>: 22x27cm<\/span><\/p>\n<p><span style=\"font-weight: 400;\"><strong>N\u00famero de p\u00e1ginas<\/strong>: 74<\/span><\/p>\n<p><span style=\"font-weight: 400;\"><strong>Data<\/strong>: 2024<\/span><\/p>\n<p>&nbsp;<\/p>\n","protected":false},"featured_media":3648,"template":"","meta":[],"product_cat":[74],"product_tag":[],"class_list":{"0":"post-3647","1":"product","2":"type-product","3":"status-publish","4":"has-post-thumbnail","6":"product_cat-edicoes","8":"first","9":"instock","10":"shipping-taxable","11":"purchasable","12":"product-type-simple"},"_links":{"self":[{"href":"https:\/\/sergioremondes.com\/en\/wp-json\/wp\/v2\/product\/3647","targetHints":{"allow":["GET"]}}],"collection":[{"href":"https:\/\/sergioremondes.com\/en\/wp-json\/wp\/v2\/product"}],"about":[{"href":"https:\/\/sergioremondes.com\/en\/wp-json\/wp\/v2\/types\/product"}],"wp:featuredmedia":[{"embeddable":true,"href":"https:\/\/sergioremondes.com\/en\/wp-json\/wp\/v2\/media\/3648"}],"wp:attachment":[{"href":"https:\/\/sergioremondes.com\/en\/wp-json\/wp\/v2\/media?parent=3647"}],"wp:term":[{"taxonomy":"product_cat","embeddable":true,"href":"https:\/\/sergioremondes.com\/en\/wp-json\/wp\/v2\/product_cat?post=3647"},{"taxonomy":"product_tag","embeddable":true,"href":"https:\/\/sergioremondes.com\/en\/wp-json\/wp\/v2\/product_tag?post=3647"}],"curies":[{"name":"wp","href":"https:\/\/api.w.org\/{rel}","templated":true}]}}